{"id":8246,"date":"2025-03-14T10:55:14","date_gmt":"2025-03-14T09:55:14","guid":{"rendered":"https:\/\/www.costes.hu\/?page_id=8246"},"modified":"2025-03-14T11:06:18","modified_gmt":"2025-03-14T10:06:18","slug":"impresszum","status":"publish","type":"page","link":"https:\/\/costes.group\/hu\/costes-downtown\/impresszum\/","title":{"rendered":"Impresszum"},"content":{"rendered":"\t\t<div data-elementor-type=\"wp-page\" data-elementor-id=\"8246\" class=\"elementor elementor-8246\" data-elementor-post-type=\"page\">\n\t\t\t\t<div class=\"elementor-element elementor-element-118673c e-flex e-con-boxed e-con e-parent\" data-id=\"118673c\" data-element_type=\"container\" data-e-type=\"container\">\n\t\t\t\t\t<div class=\"e-con-inner\">\n\t\t\t\t<div class=\"elementor-element elementor-element-28d8d4c elementor-widget elementor-widget-heading\" data-id=\"28d8d4c\" data-element_type=\"widget\" data-e-type=\"widget\" data-widget_type=\"heading.default\">\n\t\t\t\t<div class=\"elementor-widget-container\">\n\t\t\t\t\t<h2 class=\"elementor-heading-title elementor-size-default\">Impresszum<\/h2>\t\t\t\t<\/div>\n\t\t\t\t<\/div>\n\t\t\t\t<div class=\"elementor-element elementor-element-b1e0a69 elementor-widget elementor-widget-text-editor\" data-id=\"b1e0a69\" data-element_type=\"widget\" data-e-type=\"widget\" data-widget_type=\"text-editor.default\">\n\t\t\t\t<div class=\"elementor-widget-container\">\n\t\t\t\t\t\t\t\t\t<p>\u00a0\u00dczemeltet\u0151: Costes DownTown Kft.<br \/>Sz\u00e9khely: 1051 Budapest, Vigy\u00e1z\u00f3 Ferenc utca 5.<br \/>Levelez\u00e9si c\u00edm: 1051 Budapest, Vigy\u00e1z\u00f3 Ferenc utca 5.<br \/>C\u00e9gjegyz\u00e9ksz\u00e1ma: 01 09 720440<br \/>Nyilv\u00e1ntart\u00f3 hat\u00f3s\u00e1g: F\u0151v\u00e1rosi T\u00f6rv\u00e9nysz\u00e9k C\u00e9gb\u00edr\u00f3s\u00e1ga<br \/>Ad\u00f3sz\u00e1ma: 13134819241<br \/>Telefonsz\u00e1m: +36 20 926 7837<br \/>E-mail c\u00edm: reservations@costesdowntown.hu<\/p>\t\t\t\t\t\t\t\t<\/div>\n\t\t\t\t<\/div>\n\t\t\t\t\t<\/div>\n\t\t\t\t<\/div>\n\t\t\t\t<\/div>\n\t\t","protected":false},"excerpt":{"rendered":"<p>\u00a0\u00dczemeltet\u0151: Costes DownTown Kft.Sz\u00e9khely: 1051 Budapest, Vigy\u00e1z\u00f3 Ferenc utca 5.Levelez\u00e9si c\u00edm: 1051 Budapest, Vigy\u00e1z\u00f3 Ferenc utca 5.C\u00e9gjegyz\u00e9ksz\u00e1ma: 01 09 720440Nyilv\u00e1ntart\u00f3 hat\u00f3s\u00e1g: F\u0151v\u00e1rosi T\u00f6rv\u00e9nysz\u00e9k C\u00e9gb\u00edr\u00f3s\u00e1gaAd\u00f3sz\u00e1ma: 13134819241Telefonsz\u00e1m: +36 20 926 7837E-mail c\u00edm: reservations@costesdowntown.hu<\/p>\n","protected":false},"author":2,"featured_media":0,"parent":7982,"menu_order":0,"comment_status":"closed","ping_status":"closed","template":"","meta":{"footnotes":""},"page-taxonomy":[92],"class_list":{"0":"post-8246","1":"page","2":"type-page","3":"status-publish","5":"page-taxonomy-downtown"},"_links":{"self":[{"href":"https:\/\/costes.group\/hu\/wp-json\/wp\/v2\/pages\/8246","targetHints":{"allow":["GET"]}}],"collection":[{"href":"https:\/\/costes.group\/hu\/wp-json\/wp\/v2\/pages"}],"about":[{"href":"https:\/\/costes.group\/hu\/wp-json\/wp\/v2\/types\/page"}],"author":[{"embeddable":true,"href":"https:\/\/costes.group\/hu\/wp-json\/wp\/v2\/users\/2"}],"replies":[{"embeddable":true,"href":"https:\/\/costes.group\/hu\/wp-json\/wp\/v2\/comments?post=8246"}],"version-history":[{"count":3,"href":"https:\/\/costes.group\/hu\/wp-json\/wp\/v2\/pages\/8246\/revisions"}],"predecessor-version":[{"id":8267,"href":"https:\/\/costes.group\/hu\/wp-json\/wp\/v2\/pages\/8246\/revisions\/8267"}],"up":[{"embeddable":true,"href":"https:\/\/costes.group\/hu\/wp-json\/wp\/v2\/pages\/7982"}],"wp:attachment":[{"href":"https:\/\/costes.group\/hu\/wp-json\/wp\/v2\/media?parent=8246"}],"wp:term":[{"taxonomy":"page-taxonomy","embeddable":true,"href":"https:\/\/costes.group\/hu\/wp-json\/wp\/v2\/page-taxonomy?post=8246"}],"curies":[{"name":"wp","href":"https:\/\/api.w.org\/{rel}","templated":true}]}}