{"id":8245,"date":"2025-03-14T10:55:12","date_gmt":"2025-03-14T09:55:12","guid":{"rendered":"https:\/\/www.costes.hu\/?page_id=8245"},"modified":"2025-03-14T11:08:45","modified_gmt":"2025-03-14T10:08:45","slug":"tajekoztato-a-reklamacio-arucsere-garancia-szabalyairol","status":"publish","type":"page","link":"https:\/\/costes.group\/hu\/costes-downtown\/tajekoztato-a-reklamacio-arucsere-garancia-szabalyairol\/","title":{"rendered":"T\u00e1j\u00e9koztat\u00f3 a reklam\u00e1ci\u00f3, \u00e1rucsere, garancia szab\u00e1lyair\u00f3l"},"content":{"rendered":"\t\t<div data-elementor-type=\"wp-page\" data-elementor-id=\"8245\" class=\"elementor elementor-8245\" data-elementor-post-type=\"page\">\n\t\t\t\t<div class=\"elementor-element elementor-element-e6dd702 e-flex e-con-boxed e-con e-parent\" data-id=\"e6dd702\" data-element_type=\"container\" data-e-type=\"container\">\n\t\t\t\t\t<div class=\"e-con-inner\">\n\t\t\t\t<div class=\"elementor-element elementor-element-b1f5279 elementor-widget elementor-widget-heading\" data-id=\"b1f5279\" data-element_type=\"widget\" data-e-type=\"widget\" data-widget_type=\"heading.default\">\n\t\t\t\t<div class=\"elementor-widget-container\">\n\t\t\t\t\t<h2 class=\"elementor-heading-title elementor-size-default\">T\u00e1j\u00e9koztat\u00f3 a reklam\u00e1ci\u00f3, \u00e1rucsere, garancia szab\u00e1lyair\u00f3l<\/h2>\t\t\t\t<\/div>\n\t\t\t\t<\/div>\n\t\t\t\t<div class=\"elementor-element elementor-element-db0d3c3 elementor-widget elementor-widget-text-editor\" data-id=\"db0d3c3\" data-element_type=\"widget\" data-e-type=\"widget\" data-widget_type=\"text-editor.default\">\n\t\t\t\t<div class=\"elementor-widget-container\">\n\t\t\t\t\t\t\t\t\t<p>Abban az esetben, amennyiben a v\u00e1s\u00e1rl\u00f3 a fentiek szerint nem kapja meg az aj\u00e1nd\u00e9kutalv\u00e1nyt, vagy az aj\u00e1nd\u00e9kutalv\u00e1ny a megrendeltt\u0151l elt\u00e9r\u0151 szolg\u00e1ltat\u00e1st tartalmaz, illetve m\u00e1s hiba mer\u00fcl fel, \u00fagy a v\u00e1s\u00e1rl\u00f3 a hib\u00e1kat reklam\u00e1lhatja. V\u00e1s\u00e1rl\u00f3 k\u00f6teles a hib\u00e1kat \u00edr\u00e1sban \u00e9rv\u00e9nyes\u00edteni a k\u00f6vetkez\u0151 e-mail c\u00edmen: reservations@costesdowntown.hu. Szolg\u00e1ltat\u00f3 k\u00f6teles a hi\u00e1nyoss\u00e1gokat a reklam\u00e1ci\u00f3 be\u00e9rkez\u00e9s\u00e9nek napj\u00e1t\u00f3l sz\u00e1m\u00edtott 3 napon bel\u00fcl p\u00f3tolni\/jav\u00edtani. Abban az esetben, amennyiben a hiba nem ker\u00fcl orvosl\u00e1sra, \u00fagy a v\u00e1s\u00e1rl\u00f3 jogosult a v\u00e1s\u00e1rl\u00e1st\u00f3l el\u00e1llni.<\/p>\t\t\t\t\t\t\t\t<\/div>\n\t\t\t\t<\/div>\n\t\t\t\t\t<\/div>\n\t\t\t\t<\/div>\n\t\t\t\t<\/div>\n\t\t","protected":false},"excerpt":{"rendered":"<p>Abban az esetben, amennyiben a v\u00e1s\u00e1rl\u00f3 a fentiek szerint nem kapja meg az aj\u00e1nd\u00e9kutalv\u00e1nyt, vagy az aj\u00e1nd\u00e9kutalv\u00e1ny a megrendeltt\u0151l elt\u00e9r\u0151 szolg\u00e1ltat\u00e1st tartalmaz, illetve m\u00e1s hiba mer\u00fcl fel, \u00fagy a v\u00e1s\u00e1rl\u00f3 a hib\u00e1kat reklam\u00e1lhatja. V\u00e1s\u00e1rl\u00f3 k\u00f6teles a hib\u00e1kat \u00edr\u00e1sban \u00e9rv\u00e9nyes\u00edteni a k\u00f6vetkez\u0151 e-mail c\u00edmen: reservations@costesdowntown.hu. Szolg\u00e1ltat\u00f3 k\u00f6teles a hi\u00e1nyoss\u00e1gokat a reklam\u00e1ci\u00f3 be\u00e9rkez\u00e9s\u00e9nek napj\u00e1t\u00f3l sz\u00e1m\u00edtott 3 napon &#8230; <a title=\"T\u00e1j\u00e9koztat\u00f3 a reklam\u00e1ci\u00f3, \u00e1rucsere, garancia szab\u00e1lyair\u00f3l\" class=\"read-more\" href=\"https:\/\/costes.group\/hu\/costes-downtown\/tajekoztato-a-reklamacio-arucsere-garancia-szabalyairol\/\" aria-label=\"Read more about T\u00e1j\u00e9koztat\u00f3 a reklam\u00e1ci\u00f3, \u00e1rucsere, garancia szab\u00e1lyair\u00f3l\">Olvass tov\u00e1bb<\/a><\/p>\n","protected":false},"author":2,"featured_media":0,"parent":7982,"menu_order":0,"comment_status":"closed","ping_status":"closed","template":"","meta":{"footnotes":""},"page-taxonomy":[92],"class_list":{"0":"post-8245","1":"page","2":"type-page","3":"status-publish","5":"page-taxonomy-downtown"},"_links":{"self":[{"href":"https:\/\/costes.group\/hu\/wp-json\/wp\/v2\/pages\/8245","targetHints":{"allow":["GET"]}}],"collection":[{"href":"https:\/\/costes.group\/hu\/wp-json\/wp\/v2\/pages"}],"about":[{"href":"https:\/\/costes.group\/hu\/wp-json\/wp\/v2\/types\/page"}],"author":[{"embeddable":true,"href":"https:\/\/costes.group\/hu\/wp-json\/wp\/v2\/users\/2"}],"replies":[{"embeddable":true,"href":"https:\/\/costes.group\/hu\/wp-json\/wp\/v2\/comments?post=8245"}],"version-history":[{"count":6,"href":"https:\/\/costes.group\/hu\/wp-json\/wp\/v2\/pages\/8245\/revisions"}],"predecessor-version":[{"id":8274,"href":"https:\/\/costes.group\/hu\/wp-json\/wp\/v2\/pages\/8245\/revisions\/8274"}],"up":[{"embeddable":true,"href":"https:\/\/costes.group\/hu\/wp-json\/wp\/v2\/pages\/7982"}],"wp:attachment":[{"href":"https:\/\/costes.group\/hu\/wp-json\/wp\/v2\/media?parent=8245"}],"wp:term":[{"taxonomy":"page-taxonomy","embeddable":true,"href":"https:\/\/costes.group\/hu\/wp-json\/wp\/v2\/page-taxonomy?post=8245"}],"curies":[{"name":"wp","href":"https:\/\/api.w.org\/{rel}","templated":true}]}}