{"id":3924,"date":"2024-06-19T10:21:12","date_gmt":"2024-06-19T08:21:12","guid":{"rendered":"https:\/\/www.costes.hu\/cookie-policy-eu\/"},"modified":"2024-11-07T15:05:32","modified_gmt":"2024-11-07T14:05:32","slug":"cookie-policy-eu","status":"publish","type":"page","link":"https:\/\/costes.group\/hu\/cookie-policy-eu\/","title":{"rendered":"Cookie Policy (EU)"},"content":{"rendered":"<h3><strong>COOKIE T\u00c1J\u00c9KOZTAT\u00d3<\/strong><\/h3>\n<p>A COSTES HUNGARY Kft., mint a Costes Group menedzsment c\u00e9ge a c\u00e9gcsoport \u00e1ltal \u00fczemeltetett weboldalakon elhelyezett \u00fan. s\u00fctik vagy cookie-k alkalmaz\u00e1s\u00e1val kapcsolatban az al\u00e1bbi t\u00e1j\u00e9koztat\u00e1st adja.<\/p>\n<p>Mi az a cookie?<\/p>\n<p>A cookie olyan kism\u00e9ret\u0171 sz\u00f6vegf\u00e1jl, melyeket a webhely t\u00e1rol el az oldalaikra l\u00e1togat\u00f3 felhaszn\u00e1l\u00f3 sz\u00e1m\u00edt\u00f3g\u00e9p\u00e9n, illetve internethez hozz\u00e1f\u00e9r\u00e9ssel rendelkez\u0151 mobileszk\u00f6z\u00f6k\u00f6n (okostelefon, t\u00e1blag\u00e9p vagy m\u00e1s, az internethez val\u00f3 csatlakoz\u00e1st \u00e9s a weboldal el\u00e9r\u00e9s\u00e9t lehet\u0151v\u00e9 tev\u0151 eszk\u00f6z).<\/p>\n<p>Minden alkalommal, amikor \u00d6n felkeresi a Costes Group valamelyik weboldal\u00e1t, felk\u00e9r\u00e9st kap arra, hogy fogadja el vagy utas\u00edtsa el a cookie-kat.<\/p>\n<p>T\u00e1j\u00e9koztatjuk, hogy weboldalak el\u00e9r\u00e9s\u00e9hez haszn\u00e1lt b\u00f6ng\u00e9sz\u0151programok, \u00e1ltal\u00e1ban a be\u00e1ll\u00edt\u00e1sok men\u00fcpontban, lehet\u0151v\u00e9 teszik a cookie-k blokkol\u00e1s\u00e1t (tilt\u00e1s\u00e1t) vagy alkalmaz\u00e1s\u00e1nak korl\u00e1toz\u00e1s\u00e1t.<\/p>\n<p>\u00d6n a b\u00f6ng\u00e9sz\u00e9si el\u0151zm\u00e9nyek t\u00f6rl\u00e9s\u00e9vel el tudja t\u00e1vol\u00edtani az \u00f6sszes cookie-t eszk\u00f6z\u00e9r\u0151l. Ezzel a felkeresett weboldalakhoz tartoz\u00f3 \u00f6sszes cookie-t t\u00f6r\u00f6lni tudja, azonban az el\u0151zm\u00e9nyek t\u00f6rl\u00e9s\u00e9vel elvesz\u00edthet bizonyos elmentett inform\u00e1ci\u00f3kat is (pl. bejelentkez\u00e9si adatokat, keres\u00e9si be\u00e1ll\u00edt\u00e1sokat).<\/p>\n<p>A cookie-kkal kapcsolatos adatkezel\u00e9sre is kiterjed\u0151 \u00e9rintetti jogok gyakorl\u00e1sa \u00e9s a GDPR \u00e1ltal el\u0151\u00edrt egy\u00e9b adatkezel\u00e9ssel kapcsolatos k\u00f6telez\u0151 t\u00e1j\u00e9koztat\u00e1sra vonatkoz\u00f3an, k\u00e9rj\u00fck, olvassa el a Costes csoport Adatkezel\u00e9si t\u00e1j\u00e9koztat\u00f3j\u00e1t.<\/p>\n<p>Milyen s\u00fctiket haszn\u00e1lunk?<\/p>\n<p>A c\u00e9gcsoport \u00e1ltal \u00fczemeltetett weboldalak a felhaszn\u00e1l\u00f3i \u00e9lm\u00e9ny n\u00f6vel\u00e9se \u00e9rdek\u00e9ben az al\u00e1bbi s\u00fctiket haszn\u00e1lj\u00e1k:<\/p>\n<p>Olyan m\u0171veleti cookie-k, amelyek n\u00e9lk\u00fcl\u00f6zhetetlenek bizonyos weboldalak m\u0171k\u00f6dtet\u00e9s\u00e9hez, ez\u00e9rt ezek eset\u00e9ben nincs sz\u00fcks\u00e9g felhaszn\u00e1l\u00f3i beleegyez\u00e9sre. Ilyen cookie-k p\u00e9ld\u00e1ul a hiteles\u00edt\u00e9si (felhaszn\u00e1l\u00f3azonos\u00edt\u00f3) cookie-k, illetve bizonyos informatikai rendszerek \u00e1ltal megk\u00f6vetelt technikai cookie-k. Ezen cookie-kkal kapcsolatos adatkezel\u00e9s jogalapja az adatkezel\u0151nek a weboldal megfelel\u0151 m\u0171k\u00f6dtet\u00e9s\u00e9hez f\u0171z\u0151d\u0151 jogos \u00e9rdeke (GDPR 6. cikk (1) bek. f) pont). A Costes csoport meg\u00edt\u00e9l\u00e9se szerint a weboldal ezen cookie-k alkalmaz\u00e1sa n\u00e9lk\u00fcl csak korl\u00e1tozottan lenne haszn\u00e1lhat\u00f3, \u00edgy az adatkezel\u0151nek jogos \u00e9rdeke f\u0171z\u0151dik a weboldal megfelel\u0151 m\u0171k\u00f6dtet\u00e9s\u00e9hez.<\/p>\n<p>Olyan s\u00fctik, amelyek az \u00d6n \u00e1ltal ig\u00e9nyelt szolg\u00e1ltat\u00e1st ny\u00fajtj\u00e1k. P\u00e9ld\u00e1ul olyan s\u00fctik, amelyek megjegyzik, hogy \u00d6n angol nyelvre v\u00e1ltott vagy bekapcsolta az al\u00e1h\u00fazott hivatkoz\u00e1sok alkalmaz\u00e1st. Ezen cookie-kkal kapcsolatos adatkezel\u00e9s jogalapja a l\u00e1togat\u00f3 hozz\u00e1j\u00e1rul\u00e1sa (GDPR 6. cikk (1) bek. a) pont.)<\/p>\n<p>Olyan s\u00fctik, amelyek a weboldal teljes\u00edtm\u00e9ny\u00e9nek elemz\u00e9s\u00e9t szolg\u00e1lj\u00e1k. Ezek arr\u00f3l adnak t\u00e1j\u00e9koztat\u00e1st, hogy h\u00e1ny felhaszn\u00e1l\u00f3, mikor, milyen id\u0151tartamban, a weboldalunk mely r\u00e9sz\u00e9t l\u00e1togatta. Ezek az adatok abban seg\u00edtenek nek\u00fcnk, hogy a l\u00e1togat\u00f3k ig\u00e9nyeinek megfelel\u0151en fejlessz\u00fck a weboldalunkat. Ezen cookie-kkal kapcsolatos adatkezel\u00e9s jogalapja a l\u00e1togat\u00f3 hozz\u00e1j\u00e1rul\u00e1sa (GDPR 6. cikk (1) bek. a) pont.)<\/p>\n<p>Bizonyos helyzetekben a weboldal harmadik felek \u00e1ltal biztos\u00edtott cookie-kat haszn\u00e1l. Ebbe a kateg\u00f3ri\u00e1ba soroljuk az olyan harmadik felekt\u0151l sz\u00e1rmaz\u00f3 s\u00fctiket, mint p\u00e9ld\u00e1ul a YouTube (vide\u00f3tartalmak lej\u00e1tsz\u00e1s\u00e1hoz), Facebook (rajong\u00f3i oldalunk, esem\u00e9nyek stb. megjelen\u00edt\u00e9s\u00e9hez), Instagram (a h\u00edrfolyam megjelen\u00edt\u00e9s\u00e9hez \u00e9s az adott posztokkal val\u00f3 interakci\u00f3 lehet\u0151s\u00e9g\u00e9nek biztos\u00edt\u00e1s\u00e1hoz) stb. Felh\u00edvjuk figyelm\u00e9t, hogy nem v\u00e1llalunk felel\u0151ss\u00e9get ezen harmadik szem\u00e9lyek adatkezel\u00e9s\u00e9\u00e9rt, \u00e9s javasoljuk, hogy olvassa el ezen felek adatv\u00e9delmi \u00e9s cookie-szab\u00e1lyzat\u00e1t. B\u00e1r haszn\u00e1latuk nem k\u00f6telez\u0151, ha \u00d6n \u00fagy d\u00f6nt, nem fogadja el ezeket a s\u00fctiket, a weboldalon tapasztalt \u00e9lm\u00e9nye korl\u00e1tozott lehet (p\u00e9ld\u00e1ul el\u0151fordulhat, hogy nem tudja megtekinteni az oldal minden elem\u00e9t, p\u00e9ld\u00e1ul a vide\u00f3tartalmat). Ezen cookie-kkal kapcsolatos adatkezel\u00e9s jogalapja a l\u00e1togat\u00f3 hozz\u00e1j\u00e1rul\u00e1sa (GDPR 6. cikk (1) bek. a) pont.)<\/p>\n<p>A Costes csoport \u00e1ltal \u00fczemeltetett weboldalak a Google Analytics szolg\u00e1ltat\u00e1st haszn\u00e1lj\u00e1k, amely a Google, Inc. (&#8222;Google&#8221;) webelemz\u0151 szolg\u00e1ltat\u00e1sa. A Google Analytics s\u00fctiket haszn\u00e1l, hogy seg\u00edtsen a weboldalnak elemezni, hogyan haszn\u00e1lj\u00e1k a felhaszn\u00e1l\u00f3k az adott oldalt. A s\u00fctik \u00e1ltal gener\u00e1lt, a weboldal haszn\u00e1lat\u00e1ra vonatkoz\u00f3 adatok (bele\u00e9rtve az \u00d6n IP-c\u00edm\u00e9t is) a Google Egyes\u00fclt \u00c1llamokban tal\u00e1lhat\u00f3 szerverei sz\u00e1m\u00e1ra tov\u00e1bb\u00edt\u00f3dnak \u00e9s ott t\u00e1rol\u00f3dnak. A Google ezeket az adatokat a weboldal haszn\u00e1lat\u00e1nak \u00e9rt\u00e9kel\u00e9s\u00e9re, a weboldal \u00fczemeltet\u0151i sz\u00e1m\u00e1ra a weboldal tev\u00e9kenys\u00e9g\u00e9r\u0151l sz\u00f3l\u00f3 jelent\u00e9sek \u00f6ssze\u00e1ll\u00edt\u00e1s\u00e1ra, valamint a weboldal tev\u00e9kenys\u00e9g\u00e9vel \u00e9s az internethaszn\u00e1lattal kapcsolatos egy\u00e9b szolg\u00e1ltat\u00e1sok ny\u00fajt\u00e1s\u00e1ra haszn\u00e1lja fel. Ezen cookie-kkal kapcsolatos adatkezel\u00e9s jogalapja a l\u00e1togat\u00f3 hozz\u00e1j\u00e1rul\u00e1sa (GDPR 6. cikk (1) bek. a) pont.)<\/p>\n<p>Az alkalmazott cookie-k t\u00edpus\u00e1val, haszn\u00e1lat\u00e1val kapcsolatos r\u00e9szletes t\u00e1j\u00e9koztat\u00e1st az al\u00e1bbi linkeken kereszt\u00fcl \u00e9ri el:<\/p>\n<table class=\"first-row first-col no-vband\">\n<colgroup>\n<col \/>\n<col \/>\n<col \/><\/colgroup>\n<tbody>\n<tr>\n<td><span lang=\"null\">Felek <\/span><\/td>\n<td><span lang=\"null\">Cookie<\/span><span lang=\"null\"> lista \u00e9s le\u00edr\u00e1s<\/span><\/td>\n<td><span lang=\"null\">Adatkezel\u00e9si t\u00e1j\u00e9koztat\u00f3<\/span><\/td>\n<\/tr>\n<tr>\n<td><span lang=\"null\">Google Ads<\/span><\/td>\n<td><a href=\"https:\/\/docs.google.com\/document\/d\/1xUMCTgdcinWiY6cNeBr4gXQfvRNU8gWfziu5LPwyEzQ\/edit?usp=drive_link\"><span lang=\"null\">https:\/\/docs.google.com\/document\/d\/1xUMCTgdcinWiY6cNeBr4gXQfvRNU8gWfziu5LPwyEzQ\/edit?usp=drive_link<\/span><\/a><\/td>\n<td><a href=\"https:\/\/policies.google.com\/privacy\"><span class=\"docx_hiperhivatkozs\">https:\/\/policies.google.com\/privacy<\/span><\/a><\/td>\n<\/tr>\n<tr>\n<td><span lang=\"null\">Google Analitika<\/span><\/td>\n<td><a href=\"https:\/\/docs.google.com\/document\/d\/1xUMCTgdcinWiY6cNeBr4gXQfvRNU8gWfziu5LPwyEzQ\/edit?usp=drive_link\"><span lang=\"null\">https:\/\/docs.google.com\/document\/d\/1xUMCTgdcinWiY6cNeBr4gXQfvRNU8gWfziu5LPwyEzQ\/edit?usp=drive_link<\/span><\/a><\/td>\n<td><a href=\"https:\/\/policies.google.com\/privacy\"><span class=\"docx_hiperhivatkozs\">https:\/\/policies.google.com\/privacy<\/span><\/a><\/td>\n<\/tr>\n<tr>\n<td><span lang=\"null\">Meta<\/span><\/td>\n<td><\/td>\n<td><a href=\"https:\/\/hu-hu.facebook.com\/privacy\/policy\/?entry_point=facebook_page_footer\"><span class=\"docx_hiperhivatkozs\">https:\/\/hu-hu.facebook.com\/privacy\/policy\/?entry_point=facebook_page_footer<\/span><\/a><\/td>\n<\/tr>\n<tr>\n<td><span lang=\"null\">Mailchimp<\/span><\/td>\n<td><a href=\"https:\/\/drive.google.com\/file\/d\/1KhledkmrHIf2JU9vvRN4dqQ37etbUnab\/view?usp=drive_link\"><span lang=\"null\">https:\/\/drive.google.com\/file\/d\/1KhledkmrHIf2JU9vvRN4dqQ37etbUnab\/view?usp=drive_link<\/span><\/a><\/td>\n<td><a href=\"https:\/\/mailchimp.com\/help\/about-the-general-data-protection-regulation\/\"><span class=\"docx_hiperhivatkozs\">https:\/\/mailchimp.com\/help\/about-the-general-data-protection-regulation\/<\/span><\/a><\/td>\n<\/tr>\n<tr>\n<td><span lang=\"null\">Google C\u00e9gem<\/span><\/td>\n<td><a href=\"https:\/\/docs.google.com\/document\/d\/1xUMCTgdcinWiY6cNeBr4gXQfvRNU8gWfziu5LPwyEzQ\/edit?usp=drive_link\"><span lang=\"null\">https:\/\/docs.google.com\/document\/d\/1xUMCTgdcinWiY6cNeBr4gXQfvRNU8gWfziu5LPwyEzQ\/edit?usp=drive_link<\/span><\/a><\/td>\n<td><a href=\"https:\/\/policies.google.com\/privacy\"><span class=\"docx_hiperhivatkozs\">https:\/\/policies.google.com\/privacy<\/span><\/a><\/td>\n<\/tr>\n<tr>\n<td><span lang=\"null\">Sevenrooms<\/span><\/td>\n<td><\/td>\n<td><a href=\"https:\/\/sevenrooms.com\/privacy-policy\"><span class=\"docx_hiperhivatkozs\">https:\/\/sevenrooms.com\/privacy-policy<\/span><\/a><\/td>\n<\/tr>\n<tr>\n<td><span lang=\"null\">Opentable<\/span><\/td>\n<td><a href=\"https:\/\/docs.google.com\/document\/d\/1U8S-_ePnvpmXIALhVOsiD_eTf1JTd0bUWgufk37pyUE\/edit?usp=drive_link\"><span lang=\"null\">https:\/\/docs.google.com\/document\/d\/1U8S-_ePnvpmXIALhVOsiD_eTf1JTd0bUWgufk37pyUE\/edit?usp=drive_link<\/span><\/a><\/td>\n<td><a href=\"https:\/\/www.opentable.com\/legal\/privacy-policy\"><span class=\"docx_hiperhivatkozs\">https:\/\/www.opentable.com\/legal\/privacy-policy<\/span><\/a><\/td>\n<\/tr>\n<tr>\n<td><span lang=\"null\">Tripadvisor<\/span><\/td>\n<td><a href=\"https:\/\/docs.google.com\/document\/d\/1zckFuxF-jPneE5NYYqaBrog4Dc1XtbRsEKsAijMOS8Y\/edit?usp=drive_link\"><span lang=\"null\">https:\/\/docs.google.com\/document\/d\/1zckFuxF-jPneE5NYYqaBrog4Dc1XtbRsEKsAijMOS8Y\/edit?usp=drive_link<\/span><\/a><\/td>\n<td><a href=\"https:\/\/tripadvisor.mediaroom.com\/us-privacy-policy\"><span class=\"docx_hiperhivatkozs\">https:\/\/tripadvisor.mediaroom.com\/us-privacy-policy<\/span><\/a><\/td>\n<\/tr>\n<tr>\n<td><span lang=\"null\">Dining City<\/span><\/td>\n<td><\/td>\n<td><a href=\"https:\/\/www.diningcity.hu\/pages\/data_protection\"><span class=\"docx_hiperhivatkozs\">https:\/\/www.diningcity.hu\/pages\/data_protection<\/span><\/a><\/td>\n<\/tr>\n<tr>\n<td><span lang=\"null\">Michelin Guide<\/span><\/td>\n<td><a href=\"https:\/\/docs.google.com\/document\/d\/10rOByID6ySTxc3PrlG6XdTw9XNyFmBvbhJeZi2p9X88\/edit?usp=drive_link\"><span lang=\"null\">https:\/\/docs.google.com\/document\/d\/10rOByID6ySTxc3PrlG6XdTw9XNyFmBvbhJeZi2p9X88\/edit?usp=drive_link<\/span><\/a><\/td>\n<td><a href=\"https:\/\/guide.michelin.com\/en\/privacy-policy\"><span class=\"docx_hiperhivatkozs\">https:\/\/guide.michelin.com\/en\/privacy-policy<\/span><\/a><\/td>\n<\/tr>\n<tr>\n<td><span lang=\"null\">WordPress<\/span><\/td>\n<td><a href=\"https:\/\/docs.google.com\/document\/d\/1cDwleX43h33gnMuRYsIBovnCJGPv9aR3\/edit?usp=drive_link&amp;ouid=111657148682688671828&amp;rtpof=true&amp;sd=true\"><span lang=\"null\">https:\/\/docs.google.com\/document\/d\/1cDwleX43h33gnMuRYsIBovnCJGPv9aR3\/edit?usp=drive_link&amp;ouid=111657148682688671828&amp;rtpof=true&amp;sd=true<\/span><\/a><\/td>\n<td><a href=\"https:\/\/policies.google.com\/privacy\"><span class=\"docx_hiperhivatkozs\">https:\/\/policies.google.com\/privacy<\/span><\/a><\/td>\n<\/tr>\n<tr>\n<td><span lang=\"null\">T\u00e1rhely szolg\u00e1ltat\u00f3<\/span><\/td>\n<td><\/td>\n<td><a href=\"https:\/\/policies.google.com\/privacy\"><span class=\"docx_hiperhivatkozs\">https:\/\/policies.google.com\/privacy<\/span><\/a><\/td>\n<\/tr>\n<tr>\n<td><span lang=\"null\">Republic Group \u00dcgyn\u00f6ks\u00e9g<\/span><\/td>\n<td><a href=\"https:\/\/docs.google.com\/document\/d\/1XdwVxQmr8bXWzFLogf3O9_Cw8d1OJGySC0nPwxav5a8\/edit?usp=drive_link\"><span lang=\"null\">https:\/\/docs.google.com\/document\/d\/1XdwVxQmr8bXWzFLogf3O9_Cw8d1OJGySC0nPwxav5a8\/edit?usp=drive_link<\/span><\/a><\/td>\n<td><a href=\"https:\/\/hu-hu.facebook.com\/privacy\/policy\/?entry_point=facebook_page_footer\"><span class=\"docx_hiperhivatkozs\">https:\/\/hu-hu.facebook.com\/privacy\/policy\/?entry_point=facebook_page_footer<\/span><\/a><\/td>\n<\/tr>\n<\/tbody>\n<\/table>\n","protected":false},"excerpt":{"rendered":"<p>COOKIE T\u00c1J\u00c9KOZTAT\u00d3 A COSTES HUNGARY Kft., mint a Costes Group menedzsment c\u00e9ge a c\u00e9gcsoport \u00e1ltal \u00fczemeltetett weboldalakon elhelyezett \u00fan. s\u00fctik vagy cookie-k alkalmaz\u00e1s\u00e1val kapcsolatban az al\u00e1bbi t\u00e1j\u00e9koztat\u00e1st adja. Mi az a cookie? A cookie olyan kism\u00e9ret\u0171 sz\u00f6vegf\u00e1jl, melyeket a webhely t\u00e1rol el az oldalaikra l\u00e1togat\u00f3 felhaszn\u00e1l\u00f3 sz\u00e1m\u00edt\u00f3g\u00e9p\u00e9n, illetve internethez hozz\u00e1f\u00e9r\u00e9ssel rendelkez\u0151 mobileszk\u00f6z\u00f6k\u00f6n (okostelefon, t\u00e1blag\u00e9p vagy &#8230; <a title=\"Cookie Policy (EU)\" class=\"read-more\" href=\"https:\/\/costes.group\/hu\/cookie-policy-eu\/\" aria-label=\"Read more about Cookie Policy (EU)\">Olvass tov\u00e1bb<\/a><\/p>\n","protected":false},"author":2,"featured_media":0,"parent":0,"menu_order":0,"comment_status":"closed","ping_status":"closed","template":"","meta":{"footnotes":""},"page-taxonomy":[],"class_list":["post-3924","page","type-page","status-publish"],"_links":{"self":[{"href":"https:\/\/costes.group\/hu\/wp-json\/wp\/v2\/pages\/3924","targetHints":{"allow":["GET"]}}],"collection":[{"href":"https:\/\/costes.group\/hu\/wp-json\/wp\/v2\/pages"}],"about":[{"href":"https:\/\/costes.group\/hu\/wp-json\/wp\/v2\/types\/page"}],"author":[{"embeddable":true,"href":"https:\/\/costes.group\/hu\/wp-json\/wp\/v2\/users\/2"}],"replies":[{"embeddable":true,"href":"https:\/\/costes.group\/hu\/wp-json\/wp\/v2\/comments?post=3924"}],"version-history":[{"count":2,"href":"https:\/\/costes.group\/hu\/wp-json\/wp\/v2\/pages\/3924\/revisions"}],"predecessor-version":[{"id":5455,"href":"https:\/\/costes.group\/hu\/wp-json\/wp\/v2\/pages\/3924\/revisions\/5455"}],"wp:attachment":[{"href":"https:\/\/costes.group\/hu\/wp-json\/wp\/v2\/media?parent=3924"}],"wp:term":[{"taxonomy":"page-taxonomy","embeddable":true,"href":"https:\/\/costes.group\/hu\/wp-json\/wp\/v2\/page-taxonomy?post=3924"}],"curies":[{"name":"wp","href":"https:\/\/api.w.org\/{rel}","templated":true}]}}